{"id":808,"date":"2024-05-10T13:26:23","date_gmt":"2024-05-10T11:26:23","guid":{"rendered":"https:\/\/www.mdk1.zabrze.pl\/?page_id=808"},"modified":"2024-05-10T13:26:23","modified_gmt":"2024-05-10T11:26:23","slug":"zajecia-sportowe","status":"publish","type":"page","link":"https:\/\/www.mdk1.zabrze.pl\/?page_id=808","title":{"rendered":"Zaj\u0119cia sportowe:"},"content":{"rendered":"\n<p>Pi\u0142ka r\u0119czna<\/p>\n\n\n\n<p>Pi\u0142ka siatkowa<\/p>\n\n\n\n<p>Tenis sto\u0142owy<\/p>\n\n\n\n<p>Badminton<\/p>\n\n\n\n<p>Rekreacyjno-sportowe<\/p>\n\n\n\n<p><\/p>\n\n\n\n<p><\/p>\n","protected":false},"excerpt":{"rendered":"<p>Pi\u0142ka r\u0119czna Pi\u0142ka siatkowa Tenis sto\u0142owy Badminton Rekreacyjno-sportowe<\/p>\n","protected":false},"author":2,"featured_media":0,"parent":0,"menu_order":0,"comment_status":"closed","ping_status":"closed","template":"","meta":{"footnotes":""},"class_list":["post-808","page","type-page","status-publish","czr-hentry"],"_links":{"self":[{"href":"https:\/\/www.mdk1.zabrze.pl\/index.php?rest_route=\/wp\/v2\/pages\/808","targetHints":{"allow":["GET"]}}],"collection":[{"href":"https:\/\/www.mdk1.zabrze.pl\/index.php?rest_route=\/wp\/v2\/pages"}],"about":[{"href":"https:\/\/www.mdk1.zabrze.pl\/index.php?rest_route=\/wp\/v2\/types\/page"}],"author":[{"embeddable":true,"href":"https:\/\/www.mdk1.zabrze.pl\/index.php?rest_route=\/wp\/v2\/users\/2"}],"replies":[{"embeddable":true,"href":"https:\/\/www.mdk1.zabrze.pl\/index.php?rest_route=%2Fwp%2Fv2%2Fcomments&post=808"}],"version-history":[{"count":1,"href":"https:\/\/www.mdk1.zabrze.pl\/index.php?rest_route=\/wp\/v2\/pages\/808\/revisions"}],"predecessor-version":[{"id":809,"href":"https:\/\/www.mdk1.zabrze.pl\/index.php?rest_route=\/wp\/v2\/pages\/808\/revisions\/809"}],"wp:attachment":[{"href":"https:\/\/www.mdk1.zabrze.pl\/index.php?rest_route=%2Fwp%2Fv2%2Fmedia&parent=808"}],"curies":[{"name":"wp","href":"https:\/\/api.w.org\/{rel}","templated":true}]}}