{"id":294,"date":"2016-10-09T16:57:37","date_gmt":"2016-10-09T14:57:37","guid":{"rendered":"http:\/\/www.mdk1zabrze.pl\/?page_id=294"},"modified":"2024-01-10T12:15:36","modified_gmt":"2024-01-10T11:15:36","slug":"nasze-zajecia","status":"publish","type":"page","link":"https:\/\/www.mdk1.zabrze.pl\/?page_id=294","title":{"rendered":"Nasze zaj\u0119cia"},"content":{"rendered":"\n<div class=\"wp-block-columns is-layout-flex wp-container-core-columns-is-layout-9d6595d7 wp-block-columns-is-layout-flex\">\n<div class=\"wp-block-column is-layout-flow wp-block-column-is-layout-flow\" style=\"flex-basis:100%\">\n<figure class=\"wp-block-table\"><table><thead><tr><th>Pracownia<\/th><th> ko\u0142o      <\/th><\/tr><\/thead><tbody><tr><td>Muzyczno- wokalna<\/td><td>Jankle<\/td><\/tr><tr><td><\/td><td>Instrumenty klawiszowe<\/td><\/tr><tr><td><\/td><td>Resonans con tutti &#8211; emisja g\u0142osu, ch\u00f3r m\u0142odszy, starszy<\/td><\/tr><tr><td>Techniczna<\/td><td>Techniczno-modelarskie<\/td><\/tr><tr><td>Teatralna<\/td><td>Teatralne<\/td><\/tr><tr><td>Taneczna<\/td><td>Maczek pocz\u0105tkuj\u0105cy<\/td><\/tr><tr><td><\/td><td>Maczek  I<\/td><\/tr><tr><td><\/td><td>Mak, I, II,III, IV<\/td><\/tr><tr><td>Informatyczna<\/td><td>Komputerowe<\/td><\/tr><tr><td>Plastyczna<\/td><td>Malarstwa i rysunku<\/td><\/tr><tr><td><\/td><td>Plastyczne<\/td><\/tr><tr><td>Sportowa<\/td><td>Badminton<\/td><\/tr><tr><td><\/td><td>Rekreacyjno-sportowe<\/td><\/tr><tr><td><\/td><td>Pi\u0142ka r\u0119czna<\/td><\/tr><tr><td><\/td><td>Siatk\u00f3wka<\/td><\/tr><tr><td><\/td><td>Tenis sto\u0142owy<\/td><\/tr><\/tbody><\/table><\/figure>\n<\/div>\n<\/div>\n","protected":false},"excerpt":{"rendered":"<p>Pracownia ko\u0142o Muzyczno- wokalna Jankle Instrumenty klawiszowe Resonans con tutti &#8211; emisja g\u0142osu, ch\u00f3r m\u0142odszy, starszy Techniczna Techniczno-modelarskie Teatralna Teatralne Taneczna Maczek pocz\u0105tkuj\u0105cy Maczek I Mak, I, II,III, IV Informatyczna Komputerowe Plastyczna Malarstwa i rysunku Plastyczne Sportowa Badminton Rekreacyjno-sportowe Pi\u0142ka r\u0119czna Siatk\u00f3wka Tenis sto\u0142owy<\/p>\n","protected":false},"author":2,"featured_media":0,"parent":0,"menu_order":0,"comment_status":"closed","ping_status":"closed","template":"","meta":{"footnotes":""},"class_list":["post-294","page","type-page","status-publish","czr-hentry"],"_links":{"self":[{"href":"https:\/\/www.mdk1.zabrze.pl\/index.php?rest_route=\/wp\/v2\/pages\/294","targetHints":{"allow":["GET"]}}],"collection":[{"href":"https:\/\/www.mdk1.zabrze.pl\/index.php?rest_route=\/wp\/v2\/pages"}],"about":[{"href":"https:\/\/www.mdk1.zabrze.pl\/index.php?rest_route=\/wp\/v2\/types\/page"}],"author":[{"embeddable":true,"href":"https:\/\/www.mdk1.zabrze.pl\/index.php?rest_route=\/wp\/v2\/users\/2"}],"replies":[{"embeddable":true,"href":"https:\/\/www.mdk1.zabrze.pl\/index.php?rest_route=%2Fwp%2Fv2%2Fcomments&post=294"}],"version-history":[{"count":2,"href":"https:\/\/www.mdk1.zabrze.pl\/index.php?rest_route=\/wp\/v2\/pages\/294\/revisions"}],"predecessor-version":[{"id":760,"href":"https:\/\/www.mdk1.zabrze.pl\/index.php?rest_route=\/wp\/v2\/pages\/294\/revisions\/760"}],"wp:attachment":[{"href":"https:\/\/www.mdk1.zabrze.pl\/index.php?rest_route=%2Fwp%2Fv2%2Fmedia&parent=294"}],"curies":[{"name":"wp","href":"https:\/\/api.w.org\/{rel}","templated":true}]}}