{"id":29,"date":"2014-11-10T20:36:03","date_gmt":"2014-11-10T19:36:03","guid":{"rendered":"http:\/\/localhost\/wordpress\/?page_id=29"},"modified":"2026-01-28T11:50:37","modified_gmt":"2026-01-28T10:50:37","slug":"plan-zajec","status":"publish","type":"page","link":"https:\/\/www.mdk1.zabrze.pl\/?page_id=29","title":{"rendered":"Plan Zaj\u0119\u0107"},"content":{"rendered":"\n<div class=\"wp-block-file\"><a id=\"wp-block-file--media-e291dca0-02b5-4385-b180-15971fc2636f\" href=\"https:\/\/www.mdk1.zabrze.pl\/wp-content\/uploads\/2026\/01\/Podzial-zajec-2025-2026.docx\">Podzia\u0142 zaj\u0119\u0107 2025-2026<\/a><a href=\"https:\/\/www.mdk1.zabrze.pl\/wp-content\/uploads\/2026\/01\/Podzial-zajec-2025-2026.docx\" class=\"wp-block-file__button wp-element-button\" download aria-describedby=\"wp-block-file--media-e291dca0-02b5-4385-b180-15971fc2636f\">Pobierz<\/a><\/div>\n\n\n\n<p><strong>PLAN ZAJ\u0118\u0106 M\u0141ODZIE\u017bOWEGO DOMU KULTURY NR 1 W ZABRZU<\/strong><\/p>\n\n\n\n<p><strong>W ROKU SZKOLNYM 2025\/2026<\/strong><\/p>\n\n\n\n<figure class=\"wp-block-table\"><table class=\"has-fixed-layout\"><tbody><tr><td><strong>PRACOWNIA<\/strong><\/td><td><strong>Ko\u0142o\/zesp\u00f3\u0142<\/strong><\/td><td><strong>Sala<\/strong><\/td><td><strong>Poniedzia\u0142ek<\/strong><\/td><td><strong>Wtorek<\/strong><\/td><td><strong>\u015aroda<\/strong><\/td><td><strong>Czwartek<\/strong><\/td><td><strong>Pi\u0105tek<\/strong><\/td><td><strong>Sobota<\/strong><\/td><\/tr><tr><td rowspan=\"5\"><strong>MUZYCZNO \u2013 WOKALNA<\/strong> <strong>&nbsp;<\/strong><\/td><td>\u201eJANKLE\u201d&nbsp; &nbsp;<strong><\/strong><\/td><td><strong>114<\/strong><\/td><td><strong>15.00 &#8211; 16.30<\/strong> lub co drugi <strong>15.00-18.00<\/strong><\/td><td><strong>&#8211;<\/strong><\/td><td><strong>&#8211;<\/strong><\/td><td><strong>&#8211;<\/strong><\/td><td><strong>&#8211;<\/strong><\/td><td><strong>&#8211;<\/strong><\/td><\/tr><tr><td>ZAJ\u0118CIA MUZYCZNE<\/td><td><strong>114<\/strong><strong><\/strong><\/td><td><strong>&#8211;<\/strong><\/td><td><strong>15.15 \u2013 16.45<\/strong><\/td><td><strong>&#8211;<\/strong><strong><\/strong><\/td><td><strong>14.45 \u2013 16.15<\/strong><strong><\/strong><\/td><td><strong>&#8211;<\/strong><\/td><td><strong>&#8211;<\/strong><\/td><\/tr><tr><td>CH\u00d3R RESONANS \u2013 EMISJA G\u0141OSU<\/td><td><strong>207\/208<\/strong><\/td><td><strong>&#8211;<\/strong><\/td><td><strong>15.45 \u2013 17.15<\/strong><\/td><td><strong>&#8211;<\/strong><\/td><td><strong>15.15 \u2013 16.45<\/strong><\/td><td><strong>&#8211;<\/strong><\/td><td><strong>&#8211;<\/strong><\/td><\/tr><tr><td>CH\u00d3R M\u0141ODSZY<\/td><td><strong>&nbsp;<\/strong><\/td><td><strong>&#8211;<\/strong><\/td><td><strong>&#8211;<\/strong><\/td><td><strong>&#8211;<\/strong><\/td><td><strong>17.00 \u2013 19.45<\/strong><\/td><td><strong>&#8211;<\/strong><\/td><td><strong>11.45-13.30<\/strong><\/td><\/tr><tr><td>CH\u00d3R RESONANS CON TUTTI<\/td><td><strong>207\/208<\/strong> <strong>212\/214<\/strong><\/td><td><strong>&#8211;<\/strong><\/td><td><strong>17.30 \u2013 20.30<\/strong><\/td><td><strong>&#8211;<\/strong><\/td><td><strong>&#8211;<\/strong><\/td><td><strong>&#8211;<\/strong><\/td><td><strong>8.15 \u2013 11.45<\/strong><\/td><\/tr><tr><td rowspan=\"4\"><strong>TANECZNA<\/strong> <strong>&nbsp;<\/strong><\/td><td>MACZEK MAK 5<\/td><td><strong>105<\/strong><\/td><td><strong>&nbsp;<\/strong> <strong>15.45 \u2013 17.15*<\/strong> 8-10 lat<strong><\/strong><\/td><td><strong>15.45 \u2013 16.30#<\/strong> 6-8 lat <strong>&nbsp;<\/strong><\/td><td><strong>&nbsp;<\/strong> <strong>15.30 \u2013 17.00#<\/strong> 8-10 lat<strong><\/strong><\/td><td><strong>15.45 \u2013 16.30<\/strong> 6-8 lat <strong>&nbsp;<\/strong><\/td><td><strong>&#8211;<\/strong><\/td><td><strong>&#8211;<\/strong><\/td><\/tr><tr><td>MAK 3 MAK 2<\/td><td><strong>105<\/strong><\/td><td><strong>&nbsp;<\/strong> <strong>17.15 \u2013 18.45*<\/strong> 10-11 lat<\/td><td><strong>16.45 \u2013 18.15#<\/strong> 12-15lat<\/td><td><strong>15.30 \u2013 17.00*<\/strong> <strong>17.15 &#8211; 18.45#<\/strong><\/td><td><strong>&nbsp;<\/strong> <strong>16.45 \u2013 18.15<\/strong> 12-15 lat<\/td><td><strong>16.00 \u201317.30<\/strong> 10-11 lat &nbsp;<\/td><td><strong>&#8211;<\/strong><\/td><\/tr><tr><td>MAK 4 MAK 1<\/td><td><strong>105<\/strong><\/td><td>&nbsp; &nbsp;<\/td><td><strong>&nbsp;<\/strong> <strong>18.30 \u2013 20.00#<\/strong> 16-20 lat<\/td><td><strong>17.15 &#8211; 18.45*<\/strong> 12-18 lat<\/td><td><strong>&nbsp;<\/strong> <strong><em><u>18.30 \u2013 20.00<\/u><\/em><\/strong> <\/td><td><strong>17.45 \u2013 19.15<\/strong> 12-18 lat<\/td><td><strong>&#8211;<\/strong><\/td><\/tr><tr><td>MAK 1<\/td><td><strong>du\u017ca sala<\/strong><strong><\/strong><\/td><td><strong>19.00 &#8211; 20.30*<\/strong> 16-20 lat<strong><\/strong><\/td><td><strong>&#8211;<\/strong><strong><\/strong><\/td><td><strong>19.00 \u2013 20.30*#<\/strong> 16-20 lat<strong><\/strong><\/td><td><strong>&#8211;<\/strong><\/td><td><strong>&#8211;<\/strong><\/td><td><strong>&#8211;<\/strong><\/td><\/tr><tr><td rowspan=\"4\"><strong>PLASTYCZNA<\/strong><strong><\/strong><\/td><td>PLASTYCZNE<\/td><td><strong>filia<\/strong> <strong>Jordana 2<\/strong><\/td><td><strong>&#8211;<\/strong><\/td><td><strong>&#8211;<\/strong><\/td><td><strong>&#8211;<\/strong><\/td><td><strong>15.00 \u2013 18.00<\/strong><\/td><td><strong>&#8211;<\/strong><\/td><td><strong>&#8211;<\/strong><\/td><\/tr><tr><td>PLASTYCZNE<\/td><td><strong>209<\/strong><\/td><td><strong>14.00 &#8211; 19.00<\/strong><\/td><td><strong>15.15 &#8211; 18.30<\/strong><\/td><td><strong>&#8211;<\/strong><\/td><td><strong>&#8211;<\/strong><\/td><td><strong>&#8211;<\/strong><\/td><td><strong>&#8211;<\/strong><\/td><\/tr><tr><td>PLASTYCZNE<\/td><td><strong>209<\/strong><\/td><td><strong>&#8211;<\/strong><\/td><td><strong>&#8211;<\/strong><\/td><td><strong>&#8211;<\/strong><\/td><td><strong>15.30 &#8211; 17.30<\/strong><\/td><td><strong>&#8211;<\/strong><\/td><td><strong>10.00 &#8211; 12.45<\/strong><\/td><\/tr><tr><td>PLASTYCZNE<\/td><td><strong>209<\/strong><\/td><td><strong>&#8211;<\/strong><\/td><td><strong>&#8211;<\/strong><\/td><td><strong>16.00 &#8211; 18.15<\/strong><\/td><td><strong>&#8211;<\/strong><\/td><td><strong>15.15 &#8211; 18.15<\/strong><\/td><td><strong>&nbsp;<\/strong><\/td><\/tr><\/tbody><\/table><\/figure>\n\n\n\n<figure class=\"wp-block-table\"><table class=\"has-fixed-layout\"><tbody><tr><td><strong>PRACOWNIA<\/strong><\/td><td><strong>Ko\u0142o\/zesp\u00f3\u0142<\/strong><\/td><td><strong>Sala<\/strong><\/td><td><strong>Poniedzia\u0142ek<\/strong><\/td><td><strong>Wtorek<\/strong><\/td><td><strong>\u015aroda<\/strong><\/td><td><strong>Czwartek<\/strong><\/td><td><strong>Pi\u0105tek<\/strong><\/td><td><strong>Sobota<\/strong><\/td><\/tr><tr><td><strong>&nbsp;<\/strong> <strong>INFORMATYCZNA<\/strong> <strong>&nbsp;<\/strong><\/td><td>KOMPUTEROWE<\/td><td><strong>210<\/strong><\/td><td><strong>&#8211;<\/strong><\/td><td><strong>15.00 \u2013 17.15<\/strong><\/td><td><strong>&#8211;<\/strong><\/td><td><strong>&#8211;<\/strong><\/td><td><strong>&#8211;<\/strong><\/td><td><strong>&#8211;<\/strong><\/td><\/tr><tr><td><strong>&nbsp;<\/strong> <strong>TECHNICZNA<\/strong> <strong>&nbsp;<\/strong><\/td><td>TECHNICZNO-MODELARSKIE<\/td><td><strong>211<\/strong><\/td><td><strong>&#8211;<\/strong><\/td><td><strong>15.15 &#8211; 16.45<\/strong><\/td><td><strong>&#8211;<\/strong><\/td><td><strong>&#8211;<\/strong><\/td><td><strong>&#8211;<\/strong><\/td><td><strong>&#8211;<\/strong><\/td><\/tr><tr><td><strong>&nbsp;<\/strong> <strong>TEATRALNA<\/strong> <strong>&nbsp;<\/strong><\/td><td>TEATRALNE<\/td><td><strong>filia<br>Jordana 2<\/strong><\/td><td><strong>&#8211;<\/strong><\/td><td><strong>&#8211;<\/strong><\/td><td><strong>15.05 &#8211; 17.20<\/strong><\/td><td><strong>&#8211;<\/strong><\/td><td><strong>&#8211;<\/strong><\/td><td><strong>12.00-15.00<\/strong><\/td><\/tr><tr><td rowspan=\"6\"><strong>SPORTOWA<\/strong><\/td><td>SIATK\u00d3WKA\/ TENIS STO\u0141OWY<strong><\/strong><\/td><td><strong>sala gimnastyczna<\/strong><\/td><td><strong>&nbsp;<\/strong><\/td><td><strong>16.00 \u2013 18.15<\/strong><\/td><td><strong>&#8211;<\/strong><\/td><td><strong>16.00 \u2013 18.15<\/strong><\/td><td><strong>16.00 \u2013 18.15<\/strong><\/td><td><strong>&#8211;<\/strong><\/td><\/tr><tr><td>REKREACYJNO \u2013 SPORTOWE\/SIATK\u00d3WKA<\/td><td><strong>ZS10\/ &nbsp;sala gimnastyczna<\/strong><\/td><td><strong>&#8211;<\/strong><\/td><td><strong>&nbsp;<\/strong> <strong>&nbsp;<\/strong> <strong>18.00 \u2013 20.15<\/strong><\/td><td><strong>&#8211;<\/strong><\/td><td><strong>17.15-19.30<\/strong> ZS 10<\/td><td><strong>&#8211;<\/strong><\/td><td><strong>&#8211;<\/strong><\/td><\/tr><tr><td>PI\u0141KA R\u0118CZNA<\/td><td><strong>Hala<\/strong> <strong>\/SP 31<\/strong><\/td><td><strong>15.30-17.00<\/strong> <strong>&nbsp;<\/strong><\/td><td><strong>&#8211;<\/strong><\/td><td><strong>&#8211;<\/strong><\/td><td><strong>15.300 \u2013 17.30<\/strong><\/td><td><strong>&nbsp;<\/strong> <strong>15.30 \u2013 17.00<\/strong><\/td><td><strong>&#8211;<\/strong><\/td><\/tr><tr><td>SIATK\u00d3WKA\/ REKREACYJNE<\/td><td><strong>SP33<\/strong><\/td><td><strong>&#8211;<\/strong><\/td><td><strong>&nbsp;<\/strong> <strong>14.30 &#8211; 16.00<\/strong><\/td><td><strong>&#8211;<\/strong><\/td><td><strong>&#8211;<\/strong><\/td><td><strong>&#8211;<\/strong><\/td><td><strong>&#8211;<\/strong><\/td><\/tr><tr><td>.BADMINGTON\/ SIATK\u00d3WKA<\/td><td><strong>IV LO<\/strong><\/td><td><strong>&#8211;<\/strong><\/td><td><strong>15.45-17.00<\/strong> <strong>17.05-18.20<\/strong><\/td><td><strong>&#8211;<\/strong><\/td><td><strong>&nbsp;<\/strong> <strong>15.45 \u2013 17.00<\/strong><\/td><td><strong>&#8211;<\/strong><\/td><td><strong>&#8211;<\/strong><\/td><\/tr><tr><td>PI\u0141KA R\u0118CZNA<\/td><td><strong>SP 30<\/strong><\/td><td><strong>&#8211;<\/strong><\/td><td><strong>&#8211;<\/strong><\/td><td><strong>12.30-14.00<\/strong><\/td><td><strong>&#8211;<\/strong><\/td><td><strong>14.30 \u2013 16 .00<\/strong><\/td><td><strong>&#8211;<\/strong><\/td><\/tr><\/tbody><\/table><\/figure>\n","protected":false},"excerpt":{"rendered":"<p>PLAN ZAJ\u0118\u0106 M\u0141ODZIE\u017bOWEGO DOMU KULTURY NR 1 W ZABRZU W ROKU SZKOLNYM 2025\/2026 PRACOWNIA Ko\u0142o\/zesp\u00f3\u0142 Sala Poniedzia\u0142ek Wtorek \u015aroda Czwartek Pi\u0105tek Sobota MUZYCZNO \u2013 WOKALNA &nbsp; \u201eJANKLE\u201d&nbsp; &nbsp; 114 15.00 &#8211; 16.30 lub co drugi 15.00-18.00 &#8211; &#8211; &#8211; &#8211; &#8211; ZAJ\u0118CIA MUZYCZNE 114 &#8211; 15.15 \u2013 16.45 &#8211; 14.45 \u2013 16.15 &#8211; &#8211; CH\u00d3R [&hellip;]<\/p>\n","protected":false},"author":2,"featured_media":0,"parent":0,"menu_order":0,"comment_status":"closed","ping_status":"closed","template":"","meta":{"footnotes":""},"class_list":["post-29","page","type-page","status-publish","czr-hentry"],"_links":{"self":[{"href":"https:\/\/www.mdk1.zabrze.pl\/index.php?rest_route=\/wp\/v2\/pages\/29","targetHints":{"allow":["GET"]}}],"collection":[{"href":"https:\/\/www.mdk1.zabrze.pl\/index.php?rest_route=\/wp\/v2\/pages"}],"about":[{"href":"https:\/\/www.mdk1.zabrze.pl\/index.php?rest_route=\/wp\/v2\/types\/page"}],"author":[{"embeddable":true,"href":"https:\/\/www.mdk1.zabrze.pl\/index.php?rest_route=\/wp\/v2\/users\/2"}],"replies":[{"embeddable":true,"href":"https:\/\/www.mdk1.zabrze.pl\/index.php?rest_route=%2Fwp%2Fv2%2Fcomments&post=29"}],"version-history":[{"count":33,"href":"https:\/\/www.mdk1.zabrze.pl\/index.php?rest_route=\/wp\/v2\/pages\/29\/revisions"}],"predecessor-version":[{"id":1100,"href":"https:\/\/www.mdk1.zabrze.pl\/index.php?rest_route=\/wp\/v2\/pages\/29\/revisions\/1100"}],"wp:attachment":[{"href":"https:\/\/www.mdk1.zabrze.pl\/index.php?rest_route=%2Fwp%2Fv2%2Fmedia&parent=29"}],"curies":[{"name":"wp","href":"https:\/\/api.w.org\/{rel}","templated":true}]}}